{"id":6,"date":"2012-03-20T02:37:09","date_gmt":"2012-03-20T02:37:09","guid":{"rendered":"http:\/\/infoar.ch\/ga\/?page_id=6"},"modified":"2022-06-17T15:18:46","modified_gmt":"2022-06-17T15:18:46","slug":"bio","status":"publish","type":"page","link":"http:\/\/gustavoartigas.com\/ga\/bio\/","title":{"rendered":"BIO"},"content":{"rendered":"<p><a href=\"http:\/\/gustavoartigas.com\/ga\/wp-content\/uploads\/2022\/06\/GUSTAVO-ARTIGAS-BIO-CV-2022-SELECTION.pdf\">DECARGAR CV<\/a><\/p>\n<p>&nbsp;<\/p>\n<p>&nbsp;<\/p>\n<p>| Nacido en la Ciudad de M\u00e9xico en 1970 | Vive en la Ciudad de M\u00e9xico y en Toronto, Canad\u00e1 |<\/p>\n<p>&nbsp;<\/p>\n<p>&nbsp;<\/p>\n<p>En los \u00faltimos 25 a\u00f1os, <a href=\"https:\/\/www.kfda.be\/en\/program\/gustavo-artigas\">Artigas ha experimentado con diferentes medios y disciplinas de arte visual<\/a>, tales como Arte Sonoro, Instalaciones de sitio espec\u00edfico, Eventos, Performance, formas de Arte Relacional, plataformas educativas como obras de arte, piezas de luz y pintura. <a href=\"https:\/\/ocw.mit.edu\/courses\/architecture\/4-303-the-production-of-space-art-architecture-and-urbanism-in-dialogue-fall-2006\/lecture-notes\/vap_mond_artigas.pdf\">Su trabajo dialoga con una gran variedad de temas<\/a>, desde cuestiones de orden formal hasta constructos sociales. \u00a0<a href=\"https:\/\/www.nytimes.com\/2002\/07\/05\/arts\/art-review-a-mexican-anti-fiesta-full-of-uneasy-realities.html\">Es parte del floreciente grupo de artistas mexicanos contempor\u00e1neos que surgi\u00f3 en la d\u00e9cada de los 90 y que hizo un impacto importante en la escena art\u00edstica internacional.<\/a><\/p>\n<p>Las propuestas de Artigas han llevado su trabajo a la <a href=\"http:\/\/universes-in-universe.de\/car\/venezia\/bien49\/plat1\/e-artigas.htm\">Bienal de Venecia<\/a>, la <a href=\"http:\/\/universes-in-universe.de\/car\/habana\/bien7\/plaza-vieja\/e-artigas.htm\">Bienal de La Habana<\/a>,<a href=\"https:\/\/www.biennial.com\/2004\/exhibition\/artists\/gustavo-artigas\"> la Bienal de Liverpool <\/a>y otros importantes foros internacionales de arte. Gustavo Artigas, nacido en la Ciudad de M\u00e9xico en 1970, vive y trabaja en la Ciudad de M\u00e9xico y en Toronto, Canad\u00e1. Su experiencia con instituciones canadienses:\u00a0<a href=\"http:\/\/www.mercerunion.org\/exhibitions\/front-and-back-gallerycity-of-fictions\/\">Mercer Union<\/a>, <a href=\"https:\/\/www.aspacegallery.org\/index.php?m=programdetails&amp;id=93\">A Space,<\/a> <a href=\"https:\/\/moisdelaphoto.com\/en\/artistes\/gustavo-artigas\/\">Le Mois de la Photo a Montreal<\/a>, <a href=\"https:\/\/en.dazibao.art\/les-portables\/risk-colour-book\">Dazibao<\/a>, <a href=\"https:\/\/en.dazibao.art\/les-portables\/risk-colour-book\">Sur Gallery<\/a>, <a href=\"https:\/\/www.blogto.com\/events\/art-links-inc-toronto\/\">United Contemporary<\/a>, <a href=\"http:\/\/www.galerieb312.ca\/programmation\/gustavo-artigas-tres-tiempo\">Galerie B-312<\/a>,\u00a0Institute for Creative Exchange<a href=\"http:\/\/www.iceamericas.org\/ice-comment?tag=Art%20%26%20Annulment\"> (ICE Americas)<\/a>\u00a0y el\u00a0<a href=\"https:\/\/www.youtube.com\/watch?v=5KFhaSiVui8\">Banff Centre for the Arts<\/a>. Es\u00a0miembro del Sistema Nacional de Creadores de Arte, FONCA-CONACULTA, el Sistema de Reconocimiento de Arte m\u00e1s importante de M\u00e9xico, siendo reconocido en tres per\u00edodos: 2007-2010, 2014-2017 y 2019-2022. Sus exposiciones individuales m\u00e1s recientes incluyen: Gustavo Artigas: Incognito at YYZ Artist Outlet, Toronto, Canad\u00e1 2019-2020. Art Links Inc, United Contemporary, Toronto Canad\u00e1 2019. Color Vol\u00e1til, Sur Gallery, Toronto Canad\u00e1, 2019. Private Estudio Canijo, 2018, Ciudad de M\u00e9xico. Cromascopios: Eventos de transmisi\u00f3n, M\u00e9xico. 2016. RIO. Ensayo museogr\u00e1fico. Museo Universitario del Chopo, Ciudad de M\u00e9xico. 2015, Gustavo Artigas El libro: 2000-2012. Ensayo museogr\u00e1fico. Galer\u00eda Hilario Galguera. 2013. Ciudad de M\u00e9xico. Gustavo Artigas: Relay (Endless), Museo de Arte Contempor\u00e1neo de Boulder, Colorado, 2011; Accidentes, documentos y ejecuciones recientes, Galer\u00eda Hilario Galguera, Ciudad de M\u00e9xico, 2007; Three Times, Galerie B-312, Le Mois de la Photo \u00e0 Montr\u00e9al, 2007; Unexpected, Sala de Arte P\u00fablico Siqueiros, Ciudad de M\u00e9xico, 2006; Historia de la terapia de choque, Escuela de Bellas Artes, Palais des Arts, Toulouse, 2005; Cerca Series: Gustavo Artigas, Museo de Arte Contempor\u00e1neo de San Diego, 2004; y The Rules of the Game, A Space Gallery, Toronto, 2003. Algunas de sus exposiciones colectivas incluyen: Bienal de las Am\u00e9ricas 2013. Denver, Colorado. M\u00e9xico: Inside\/Out. Museo de Arte Moderno. Fort Worth, Texas, EUA. 2013. 2014. Games and Theory, South London Gallery, 2008; Escultura Social: Una Nueva Generaci\u00f3n de Arte de la Ciudad de M\u00e9xico, Museo de Arte Contempor\u00e1neo Chicago, 2007; <a href=\"https:\/\/www.dmagazine.com\/arts-entertainment\/2013\/09\/interview-why-artist-gustavo-artigas-wants-you-to-vote-to-destroy-a-building-in-fort-worth\/\">Vazios Urbanos, Trienal de Arquitectura, Lisboa, 2007<\/a>; Declaraciones, Museo Nacional Centro de Arte Reina Sof\u00eda, Madrid, 2005; Do not Call It Performance, El Museo del Barrio, Nueva York, 2004. <a href=\"https:\/\/www.latimes.com\/archives\/la-xpm-2000-oct-21-ca-39631-story.html\">Ha participado en el proyecto inSITE<\/a>, la <a href=\"http:\/\/en.first.uralbiennial.ru\/program\/special_projects\">Bienal de Ekaterimburgo<\/a>, la Bienal Argentina, <a href=\"https:\/\/artmap.com\/praguebiennale\/exhibition\/1st-prague-biennale-2003-2003\">la Bienal de Praga<\/a> y la <a href=\"https:\/\/www.e-flux.com\/announcements\/32427\/2013-draft-urbanism\/\">Bienal de las Am\u00e9ricas<\/a>. Ha recibido premios locales e internacionales.<\/p>\n<p>&nbsp;<\/p>\n<p>Como parte de su pr\u00e1ctica, ha desarrollado talleres de creatividad art\u00edstica y tutor\u00eda especializada para artistas en <a href=\"https:\/\/museumofcontemporaryart.ca\/calendar\/march-break-programming-breaking-images-moving-image-workshop\/\">Canad\u00e1<\/a>, <a href=\"http:\/\/www.e-artnow.org\/announcement-archive\/archive\/2010\/10\/article\/ACTION\/4443\/\">Argentina<\/a>, <a href=\"https:\/\/www.ciudadmultiplecity.com\/gustavo-artigas1.html\">Panama<\/a>, <a href=\"http:\/\/www.amelatine.com\/03_04.htm\">Francia<\/a>, <a href=\"https:\/\/elpais.com\/diario\/2002\/07\/14\/catalunya\/1026608862_850215.html\">Espa\u00f1a<\/a>, <a href=\"http:\/\/videolectures.net\/mit4303f06_artigas_lec10\/\">Finlandia\u00a0<\/a>\u00a0y <a href=\"https:\/\/vorticidad.org\/artist\/gustavo-artigas-2\/\">M\u00e9xico<\/a>. De 2010 a 2018 trabaj\u00f3 como <a href=\"https:\/\/www.20minutos.com.mx\/noticia\/191159\/0\/artista-visual-mexicano-gustavo-artigas-imparte-taller-en-toronto\/\">Profesor de Arte Contempor\u00e1neo<\/a> en la Escuela Nacional de Pintura Escultura y Grabado <em>La Esmeralda<\/em> en la Ciudad de M\u00e9xico.<\/p>\n<p>&nbsp;<\/p>\n","protected":false},"excerpt":{"rendered":"<p>DECARGAR CV &nbsp; &nbsp; | Nacido en la Ciudad de M\u00e9xico en 1970 | Vive en la Ciudad de M\u00e9xico [&hellip;]<\/p>\n","protected":false},"author":1,"featured_media":2360,"parent":0,"menu_order":9,"comment_status":"open","ping_status":"open","template":"page-bio.php","meta":{"footnotes":""},"class_list":["post-6","page","type-page","status-publish","has-post-thumbnail","hentry"],"acf":[],"_links":{"self":[{"href":"http:\/\/gustavoartigas.com\/ga\/wp-json\/wp\/v2\/pages\/6","targetHints":{"allow":["GET"]}}],"collection":[{"href":"http:\/\/gustavoartigas.com\/ga\/wp-json\/wp\/v2\/pages"}],"about":[{"href":"http:\/\/gustavoartigas.com\/ga\/wp-json\/wp\/v2\/types\/page"}],"author":[{"embeddable":true,"href":"http:\/\/gustavoartigas.com\/ga\/wp-json\/wp\/v2\/users\/1"}],"replies":[{"embeddable":true,"href":"http:\/\/gustavoartigas.com\/ga\/wp-json\/wp\/v2\/comments?post=6"}],"version-history":[{"count":44,"href":"http:\/\/gustavoartigas.com\/ga\/wp-json\/wp\/v2\/pages\/6\/revisions"}],"predecessor-version":[{"id":3197,"href":"http:\/\/gustavoartigas.com\/ga\/wp-json\/wp\/v2\/pages\/6\/revisions\/3197"}],"wp:featuredmedia":[{"embeddable":true,"href":"http:\/\/gustavoartigas.com\/ga\/wp-json\/wp\/v2\/media\/2360"}],"wp:attachment":[{"href":"http:\/\/gustavoartigas.com\/ga\/wp-json\/wp\/v2\/media?parent=6"}],"curies":[{"name":"wp","href":"https:\/\/api.w.org\/{rel}","templated":true}]}}