{"id":2,"date":"2012-03-19T16:40:38","date_gmt":"2012-03-19T16:40:38","guid":{"rendered":"http:\/\/infoar.ch\/ga\/?page_id=2"},"modified":"2025-11-07T06:59:40","modified_gmt":"2025-11-07T06:59:40","slug":"bio-2","status":"publish","type":"page","link":"http:\/\/gustavoartigas.com\/ga\/bio-2\/","title":{"rendered":"BIO"},"content":{"rendered":"<p><a href=\"http:\/\/gustavoartigas.com\/ga\/wp-content\/uploads\/2022\/06\/GUSTAVO-ARTIGAS-BIO-CV-2022-SELECTION.pdf\">DOWNLOAD CV (PDF)<\/a><\/p>\n<p><span lang=\"EN-US\">Mexican &#8211; Canadian Contemporary Artist | Born in Mexico City in 1970 | Lives and works in Toronto and Mexico City\u00a0<\/span><\/p>\n<p><span lang=\"EN-US\">\u00a0<\/span><\/p>\n<p><span lang=\"EN-US\">Over the last 25 years, Artigas has experimented with different media and visual art modalities such as Sound Art, Site Specific Installations, Performance Art, Relational works, educational platforms, light pieces and painting. <a href=\"https:\/\/ocw.mit.edu\/courses\/architecture\/4-303-the-production-of-space-art-architecture-and-urbanism-in-dialogue-fall-2006\/lecture-notes\/vap_mond_artigas.pdf\">Some of the most recognizable works by Artigas relate\u2028 ludic structures to disaster situations<\/a>.\u00a0<\/span><span lang=\"EN-US\">His work dialogues with a with a wide variety of issues, from the political to the social identities and became <a href=\"https:\/\/www.nytimes.com\/2002\/07\/05\/arts\/art-review-a-mexican-anti-fiesta-full-of-uneasy-realities.html\">part of the booming group of contemporary Mexican artists that emerged in the 90\u00b4s and made an important impact in the international art scene. <\/a><\/span><\/p>\n<p><span lang=\"EN-US\">Artigas\u2019 vision took his work to the<span class=\"apple-converted-space\">\u00a0<\/span><\/span><a href=\"http:\/\/universes-in-universe.de\/car\/venezia\/bien49\/plat1\/e-artigas.htm\"><span lang=\"EN-US\">Venice Biennale<\/span><\/a><span lang=\"EN-US\">, the<span class=\"apple-converted-space\">\u00a0<\/span><\/span><a href=\"https:\/\/www.biennial.com\/2004\/exhibition\/artists\/gustavo-artigas\"><span lang=\"EN-US\">Liverpool Biennial<span class=\"apple-converted-space\">\u00a0<\/span><\/span><\/a><span lang=\"EN-US\">the<span class=\"apple-converted-space\">\u00a0<\/span><\/span><a href=\"http:\/\/universes-in-universe.de\/car\/habana\/bien7\/plaza-vieja\/e-artigas.htm\"><span lang=\"EN-US\">Havana Biennial<\/span><\/a> <span lang=\"EN-US\">and other important international art forums. Some of the Canadian Art Institutions he had collaborate with are <a href=\"https:\/\/yyzartistsoutlet.org\/exhibitions\/gustavo-artigas-a-hungry-man-is-an-angry-man\/\">YYZ Artists Outlet<\/a>,<span class=\"apple-converted-space\">\u00a0<\/span><\/span><a href=\"http:\/\/www.mercerunion.org\/exhibitions\/front-and-back-gallerycity-of-fictions\/\"><span lang=\"EN-US\">Mercer Union<\/span><\/a><span lang=\"EN-US\">,<span class=\"apple-converted-space\">\u00a0<\/span><\/span><a href=\"https:\/\/www.aspacegallery.org\/index.php?m=programdetails&amp;id=93\"><span lang=\"EN-US\">A Space,<\/span><\/a><span class=\"apple-converted-space\"><span lang=\"EN-US\">\u00a0<\/span><\/span><a href=\"https:\/\/moisdelaphoto.com\/en\/artistes\/gustavo-artigas\/\"><span lang=\"EN-US\">Le Mois de la Photo a Montreal<\/span><\/a><span lang=\"EN-US\">,<span class=\"apple-converted-space\">\u00a0<\/span><\/span><a href=\"https:\/\/en.dazibao.art\/les-portables\/risk-colour-book\"><span lang=\"EN-US\">Dazibao<\/span><\/a><span lang=\"EN-US\">,<span class=\"apple-converted-space\">\u00a0<\/span><\/span><a href=\"https:\/\/en.dazibao.art\/les-portables\/risk-colour-book\"><span lang=\"EN-US\">Sur Gallery<\/span><\/a><span lang=\"EN-US\">,<\/span><span lang=\"EN-US\"><span class=\"apple-converted-space\">\u00a0<\/span><\/span><a href=\"http:\/\/www.galerieb312.ca\/programmation\/gustavo-artigas-tres-tiempo\"><span lang=\"EN-US\">Galerie B-312<\/span><\/a><span lang=\"EN-US\">,\u00a0Institute for Creative Exchange<\/span><a href=\"http:\/\/www.iceamericas.org\/ice-comment?tag=Art%20%26%20Annulment\"><span class=\"apple-converted-space\"><span lang=\"EN-US\">\u00a0<\/span><\/span><span lang=\"EN-US\">(ICE Americas)<\/span><\/a><span class=\"apple-converted-space\"><span lang=\"EN-US\">\u00a0<\/span><\/span><span lang=\"EN-US\">and the<span class=\"apple-converted-space\">\u00a0<\/span><\/span><a href=\"https:\/\/www.youtube.com\/watch?v=5KFhaSiVui8\"><span lang=\"EN-US\">Banff Centre for the Arts<\/span><\/a><span lang=\"EN-US\">. He has received local and international awards. His recent solo exhibitions include: \u00a0<a href=\"https:\/\/yyzartistsoutlet.org\/exhibitions\/gustavo-artigas-a-hungry-man-is-an-angry-man\/\">A hungry man is an angry man, YYZ Artists&#8217; Outlet. Toronto, 2022<\/a>;\u00a0<a href=\"https:\/\/www.mcasd.org\/events\/friday-film-series-gustavo-artigas\">CERCA SERIES, San Diego Museum of Contemporary Art, 2020<\/a>. \u00a0Volatile Colour. Sur Gallery. Toronto, 2019;\u00a0Asiatic Nerve, Galeria Extra, Guatemala City, 2018<\/span>; <a href=\"http:\/\/www.chopo.unam.mx\/exposiciones\/rio.html\">RIO. Museographic Essay. Museo Universitario del Chopo, Mexico City. 2015<\/a>; Gustavo Artigas \u2013 The Book: 2000-2012. <span lang=\"EN-US\">Museographic Essay. Galer\u00eda Hilario Galguera. 2013, Mexico City; Gustavo Artigas: Relay (Endless), Boulder Museum of Contemporary Art, Colorado, 2011; Recent accidents, documents and executions, Galer\u00eda Hilario Galguera, Mexico City, 2007; Three Times, Galerie B-312, Le Mois de la Photo \u00e0 Montr\u00e9al, Montr\u00e9al, 2007; Unexpected, Sala de Arte P\u00fablico Siqueiros, Mexico City, 2006; The History of Shock Therapy, \u00c9cole des beaux-arts, Palais des Arts, Toulouse, 2005; and The Rules of the Game, A Space Gallery, Toronto, 2003.<\/span><span lang=\"ES-TRAD\">\u2028\u00a0<\/span><span lang=\"EN-US\">Artigas\u2019s group exhibitions include Biennial of the Americas, Denver, 2013; Mexico: Inside Out. Museum of Modern Art, Fort Worth, 2013; Games &amp; Theory, South London Gallery, England, 2008; Escultura Social: A New Generation of Art from Mexico City, Museum of Contemporary Art Chicago, 2007; <a href=\"https:\/\/www.dmagazine.com\/arts-entertainment\/2013\/09\/interview-why-artist-gustavo-artigas-wants-you-to-vote-to-destroy-a-building-in-fort-worth\/\">Urban Voids, Lisbon Architecture Triennale<\/a>, 2007; Declaraciones, Museo Nacional Centro de Arte Reina Sof\u00eda, Madrid, 2005; Don\u2019t Call It Performance, El Museo del Barrio, New York, 2004. He has participated in the <a href=\"https:\/\/www.latimes.com\/archives\/la-xpm-2000-oct-21-ca-39631-story.html\">inSITE Project 2000<\/a>, the <a href=\"http:\/\/en.first.uralbiennale.ru\/program\/special_projects\">Ekaterinburg Biennial<\/a>, the <a href=\"https:\/\/www.arte-online.net\/Notas\/!Afuera!_Arte_en_Espacios_Publicos\">Argentina Biennial<\/a>, <a href=\"https:\/\/artmap.com\/praguebiennale\/exhibition\/1st-prague-biennale-2003-2003\">the Prague Biennial <\/a>and the <a href=\"https:\/\/www.e-flux.com\/announcements\/32427\/2013-draft-urbanism\/\">Biennial of the Americas<\/a>. He has been a member of the Mexican Creators National System (Sistema Nacional de Creadores de Arte, FONCA-Secretar\u00eda de Cultura) the most important Art Recognition Grant in Mexico from 2007-2010, 2014-2017 and 2019-2022.<\/span><\/p>\n<p>As part of his practice he conducts specialized creativity workshops in countries like\u00a0<a href=\"https:\/\/museumofcontemporaryart.ca\/calendar\/march-break-programming-breaking-images-moving-image-workshop\/\">Canada<\/a>, <a href=\"http:\/\/www.e-artnow.org\/announcement-archive\/archive\/2010\/10\/article\/ACTION\/4443\/\">Argentina<\/a>, <a href=\"https:\/\/www.ciudadmultiplecity.com\/gustavo-artigas1.html\">Panama<\/a>, <a href=\"http:\/\/www.amelatine.com\/03_04.htm\">Franc<\/a>e, <a href=\"https:\/\/elpais.com\/diario\/2002\/07\/14\/catalunya\/1026608862_850215.html\">Spain<\/a>, <a href=\"http:\/\/videolectures.net\/mit4303f06_artigas_lec10\/\">Finland\u00a0<\/a>\u00a0and\u00a0<a href=\"https:\/\/vorticidad.org\/artist\/gustavo-artigas-2\/\">Mexico<\/a>. From 2010 to 2018 he was\u00a0<a href=\"https:\/\/www.20minutos.com.mx\/noticia\/191159\/0\/artista-visual-mexicano-gustavo-artigas-imparte-taller-en-toronto\/\">Professor for Contemporary Art<\/a>\u00a0at Escuela Nacional de Pintura Escultura y Grabado <em>La Esmeralda<\/em> in Mexico City.<\/p>\n<p>Because of his artistic background he was granted a Significant Benefit to Canada Residence\u00a0through the International Mobility Program (IMP). In 2018 as part of this new status, 2018 he founded <em>Art Links Inc. Contemporary Art. <\/em>making collaborations with <a href=\"https:\/\/moca.ca\/calendar\/march-break-programming-breaking-images-moving-image-workshop\/\">MOCA Museum of Contemporary Art Toronto<\/a>, <a href=\"https:\/\/www.thesitemagazine.com\/read\/travel-companions\">TheSite Magazine<\/a> and YYZ Artist Outlet.<\/p>\n<p>Art Links Inc. evolved into the <em>AFTER HOURS MUSEUM<\/em>: a Social and Artistic Laboratory currently designing mediations and outreach programs with Artigas&#8217;s personal Contemporary Art Collection.<\/p>\n<p><span lang=\"EN-US\">| This text was originally redacted by Terri Thornton<strong class=\"Yjhzub\" data-processed=\"true\"> \u2020<\/strong>, for the Modern Art Museum of Fort Worth |<\/span><\/p>\n","protected":false},"excerpt":{"rendered":"<p>DOWNLOAD CV (PDF) Mexican &#8211; Canadian Contemporary Artist | Born in Mexico City in 1970 | Lives and works in [&hellip;]<\/p>\n","protected":false},"author":1,"featured_media":2357,"parent":0,"menu_order":8,"comment_status":"open","ping_status":"open","template":"page-bio.php","meta":{"footnotes":""},"class_list":["post-2","page","type-page","status-publish","has-post-thumbnail","hentry"],"acf":[],"_links":{"self":[{"href":"http:\/\/gustavoartigas.com\/ga\/wp-json\/wp\/v2\/pages\/2","targetHints":{"allow":["GET"]}}],"collection":[{"href":"http:\/\/gustavoartigas.com\/ga\/wp-json\/wp\/v2\/pages"}],"about":[{"href":"http:\/\/gustavoartigas.com\/ga\/wp-json\/wp\/v2\/types\/page"}],"author":[{"embeddable":true,"href":"http:\/\/gustavoartigas.com\/ga\/wp-json\/wp\/v2\/users\/1"}],"replies":[{"embeddable":true,"href":"http:\/\/gustavoartigas.com\/ga\/wp-json\/wp\/v2\/comments?post=2"}],"version-history":[{"count":54,"href":"http:\/\/gustavoartigas.com\/ga\/wp-json\/wp\/v2\/pages\/2\/revisions"}],"predecessor-version":[{"id":3209,"href":"http:\/\/gustavoartigas.com\/ga\/wp-json\/wp\/v2\/pages\/2\/revisions\/3209"}],"wp:featuredmedia":[{"embeddable":true,"href":"http:\/\/gustavoartigas.com\/ga\/wp-json\/wp\/v2\/media\/2357"}],"wp:attachment":[{"href":"http:\/\/gustavoartigas.com\/ga\/wp-json\/wp\/v2\/media?parent=2"}],"curies":[{"name":"wp","href":"https:\/\/api.w.org\/{rel}","templated":true}]}}